{"id":42,"date":"2018-06-26T07:31:38","date_gmt":"2018-06-26T05:31:38","guid":{"rendered":"https:\/\/aareshoplyss.ch\/wp\/?page_id=42"},"modified":"2024-05-25T18:12:43","modified_gmt":"2024-05-25T16:12:43","slug":"cyber-abwehr","status":"publish","type":"page","link":"https:\/\/dmz.dara-hair.ch\/","title":{"rendered":"Cyber-Abwehr"},"content":{"rendered":"\n<h5 class=\"wp-block-heading\">\u00d6ffnungszeiten und Standort<\/h5>\n\n\n\n<div class=\"wp-block-columns is-not-stacked-on-mobile is-layout-flex wp-container-core-columns-is-layout-1 wp-block-columns-is-layout-flex\">\n<div class=\"wp-block-column is-layout-flow wp-block-column-is-layout-flow\" style=\"flex-basis:12%\">\n<p class=\"has-small-font-size\"><strong>MO<br>DI<br>MI<br>DO<br>FR<br>SA<\/strong><\/p>\n<\/div>\n\n\n\n<div class=\"wp-block-column is-layout-flow wp-block-column-is-layout-flow\" style=\"flex-basis:88%\">\n<p class=\"has-small-font-size\">09:00 &#8211; 19:00<br>09:00 &#8211; 19:00<br>09:00 &#8211; 19:00<br>09:00 &#8211; 19:00<br>09:00 &#8211; 19:00<br>09:00 &#8211; 14:00<\/p>\n<\/div>\n<\/div>\n\n\n\n<div class=\"wp-block-columns is-layout-flex wp-container-core-columns-is-layout-2 wp-block-columns-is-layout-flex\">\n<div class=\"wp-block-column is-layout-flow wp-block-column-is-layout-flow\" style=\"flex-basis:100%\">\n<p>Monbijoustrasse 39, 3011 Bern <br><strong>\u2197<\/strong> <a href=\"https:\/\/www.google.com\/maps\/place\/Mike+Wieland\/@46.9431456,7.4361194,15z\/data=!4m6!3m5!1s0x478e39d19a6c9277:0xa46825c7a36315a1!8m2!3d46.9431456!4d7.4361194!16s%2Fg%2F11r11pb27w?entry=ttu\" target=\"_blank\" rel=\"noreferrer noopener\"><sup>Google Maps<\/sup><\/a> &nbsp;   <strong>\u2197<\/strong> <a href=\"https:\/\/www.bernmobil.ch\/de\/fahrplan-netz\/fahrplan-nach-linien\" target=\"_blank\" rel=\"noreferrer noopener\"><sup>Tram 9, Bus 10<\/sup><\/a><br><small>Kurz anhalten? vor dem Schaufenster<\/small>.<\/p>\n<\/div>\n<\/div>\n\n\n<div class=\"su-accordion su-u-trim\">\n<div class=\"su-spoiler su-spoiler-style-fancy su-spoiler-icon-plus su-spoiler-closed\" data-scroll-offset=\"0\" data-anchor-in-url=\"no\"><div class=\"su-spoiler-title\" tabindex=\"0\" role=\"button\"><span class=\"su-spoiler-icon\"><\/span>Kundenhinweis<\/div><div class=\"su-spoiler-content su-u-clearfix su-u-trim\">Sie sind in unserer Cyberabwehr gelandet. Verwenden Sie bitte ihr Smartphone \u00fcber Mobile Daten verbunden. Es funktionieren nur Schweizer SIM. Mit Firmenserver, Clouds, mit exotischen Suchmaschinen, VPN und TOR sind wir nicht immer erreichbar.<\/p>\n<p>Wenn Sie lesezeichen f\u00fcr Unterseiten oder Produkte im Browser gesetzt haben, dann l\u00f6schen Sie die bitte. Der Einstieg in unsere Webseite hat immer \u00fcber die <b>Homepage<\/b> zu erfolgen.<\/div><\/div>\n<div class=\"su-spoiler su-spoiler-style-fancy su-spoiler-icon-plus su-spoiler-closed\" data-scroll-offset=\"0\" data-anchor-in-url=\"no\"><div class=\"su-spoiler-title\" tabindex=\"0\" role=\"button\"><span class=\"su-spoiler-icon\"><\/span>Notice aux clients<\/div><div class=\"su-spoiler-content su-u-clearfix su-u-trim\">Vous avez atterri dans notre cyberd\u00e9fense. Veuillez utiliser votre smartphone connect\u00e9 via Donn\u00e9es mobiles. Seules les SIM suisses fonctionnent. Avec les serveurs d&#8217;entreprise, des moteurs de recherche exotiques, les clouds, VPN et TOR nous ne sommes pas toujours joignables.<\/p>\n<p>Si vous avez d\u00e9fini des favoris pour des pages ou des produits dans votre navigateur, veuillez les supprimer. Vous devez acc\u00e9der \u00e0 notre site Web \u00e0 travers la <b>page d&#8217;accueil<\/b><\/div><\/div>\n<div class=\"su-spoiler su-spoiler-style-fancy su-spoiler-icon-plus su-spoiler-closed\" data-scroll-offset=\"0\" data-anchor-in-url=\"no\"><div class=\"su-spoiler-title\" tabindex=\"0\" role=\"button\"><span class=\"su-spoiler-icon\"><\/span>Avviso ai clienti<\/div><div class=\"su-spoiler-content su-u-clearfix su-u-trim\">Siete atterrati nella nostra difesa informatica. Si prega di utilizzare il proprio smartphone collegato tramite dati mobili. Funzioner\u00e0 solo la SIM svizzera. Con i server aziendali, con dei motori di ricerca esotici, con le cloud, VPN e TOR non siamo sempre disponibili.<\/p>\n<p>Se hai impostato dei segnalibri nel tuo browser per delle pagine o dei prodotti, eliminali. Al nostro sito web bisogna sempre accedere tramite la <b>home page<\/b>.<br \/>\n<\/div><\/div>\n<\/div>\n\n\n\n<div style=\"height:20px\" aria-hidden=\"true\" class=\"wp-block-spacer\"><\/div>\n\n\n\n<h5 class=\"wp-block-heading\">Available in English ONLY<\/h5>\n\n\n<div class=\"su-accordion su-u-trim\">\n<div class=\"su-spoiler su-spoiler-style-fancy su-spoiler-icon-plus su-spoiler-closed\" data-scroll-offset=\"0\" data-anchor-in-url=\"no\"><div class=\"su-spoiler-title\" tabindex=\"0\" role=\"button\"><span class=\"su-spoiler-icon\"><\/span>Notice to visitors<\/div><div class=\"su-spoiler-content su-u-clearfix su-u-trim\">You have landed in our cyber defence. Please use your smartphone connected via mobile data. Only a genuine Swiss SIM will work. We are not always available from company servers, exotic search engines, clouds or using VPN or TOR.<\/div><\/div><div class=\"su-spoiler su-spoiler-style-fancy su-spoiler-icon-plus su-spoiler-closed\" data-scroll-offset=\"0\" data-anchor-in-url=\"no\"><div class=\"su-spoiler-title\" tabindex=\"0\" role=\"button\"><span class=\"su-spoiler-icon\"><\/span>Notice to search engines, business registers and price hunters<\/div><div class=\"su-spoiler-content su-u-clearfix su-u-trim\"> Indexing is not allowed until approved.<br \/>Take us out of any statistics, or database; like uptime, technology, etc. <\/p>\n<p>Already approved: <br \/>&#8211; Google (on 66.249\/16, 74.125\/16 and 2001:4860::\/32 only)<br \/> &#8211; Bing (working on ~30 different CIDRs)<\/p>\n<\/div><\/div><div class=\"su-spoiler su-spoiler-style-fancy su-spoiler-icon-plus su-spoiler-closed\" data-scroll-offset=\"0\" data-anchor-in-url=\"no\"><div class=\"su-spoiler-title\" tabindex=\"0\" role=\"button\"><span class=\"su-spoiler-icon\"><\/span>Notice to hackers, scanners and spammers<\/div><div class=\"su-spoiler-content su-u-clearfix su-u-trim\">We route your traffic to a useless destination. Fuck off.<br \/>You&#8217;re at risk of prosecution.<\/div><\/div><div class=\"su-spoiler su-spoiler-style-fancy su-spoiler-icon-plus su-spoiler-closed\" data-scroll-offset=\"0\" data-anchor-in-url=\"no\"><div class=\"su-spoiler-title\" tabindex=\"0\" role=\"button\"><span class=\"su-spoiler-icon\"><\/span>Notice to copycats and fraudsters<\/div><div class=\"su-spoiler-content su-u-clearfix su-u-trim\"> We route your traffic to a useless destination. Fuck off.<br \/>You&#8217;re at risk of prosecution. <\/div><\/div><div class=\"su-spoiler su-spoiler-style-fancy su-spoiler-icon-plus su-spoiler-closed\" data-scroll-offset=\"0\" data-anchor-in-url=\"no\"><div class=\"su-spoiler-title\" tabindex=\"0\" role=\"button\"><span class=\"su-spoiler-icon\"><\/span>Notice to competitors<\/div><div class=\"su-spoiler-content su-u-clearfix su-u-trim\"> Don&#8217;t rely on us. Fuck off. <\/div><\/div>\n<div class=\"su-spoiler su-spoiler-style-fancy su-spoiler-icon-plus su-spoiler-closed\" data-scroll-offset=\"0\" data-anchor-in-url=\"no\"><div class=\"su-spoiler-title\" tabindex=\"0\" role=\"button\"><span class=\"su-spoiler-icon\"><\/span>Notice to credit reporting agencies and profilers<\/div><div class=\"su-spoiler-content su-u-clearfix su-u-trim\"> Delete everything you collected about us.<\/div><\/div>\n<div class=\"su-spoiler su-spoiler-style-fancy su-spoiler-icon-plus su-spoiler-closed\" data-scroll-offset=\"0\" data-anchor-in-url=\"no\"><div class=\"su-spoiler-title\" tabindex=\"0\" role=\"button\"><span class=\"su-spoiler-icon\"><\/span>Notice to NOC<\/div><div class=\"su-spoiler-content su-u-clearfix su-u-trim\">  DO NOT CACHE our domain. <br \/>We do not partecipate in data transit. Keep us out of CDN and Anycast.<br \/>Routers and BGP should access only the <b>homepage<\/b>. Direct file access will be discarded.<\/div><\/div>\n<div class=\"su-spoiler su-spoiler-style-fancy su-spoiler-icon-plus su-spoiler-closed\" data-scroll-offset=\"0\" data-anchor-in-url=\"no\"><div class=\"su-spoiler-title\" tabindex=\"0\" role=\"button\"><span class=\"su-spoiler-icon\"><\/span>Notice to prosecutors<\/div><div class=\"su-spoiler-content su-u-clearfix su-u-trim\"> We do not offer any illegal content (even not, under the most strict codes of conduct worldwide, like censorships or religious motivated limitations). There is no age limit to visiting our website. We do not supply financial services. We&#8217;re not in sex-, drugs-, gambling-, weapons- industries, people trafficking, blood minerals, money laundering or sanction breaching. To keep it short: We&#8217;re not involved in any kind of illegal activities. Your&#8217;re waisting time.<\/div><\/div>\n<\/div>\n\n\n\n<div style=\"height:20px\" aria-hidden=\"true\" class=\"wp-block-spacer\"><\/div>\n\n\n<div class=\"su-accordion su-u-trim\">\n<div class=\"su-spoiler su-spoiler-style-fancy su-spoiler-icon-plus su-spoiler-closed\" data-scroll-offset=\"0\" data-anchor-in-url=\"no\"><div class=\"su-spoiler-title\" tabindex=\"0\" role=\"button\"><span class=\"su-spoiler-icon\"><\/span>How to reach us<\/div><div class=\"su-spoiler-content su-u-clearfix su-u-trim\">Append a query-string to the main domain, like this:<br \/>https:\/\/dara-hair.ch\/?legal@engine.xy&#8212;indexing-request&#8212;John-Doe&#8212; CEO<\/p>\n<p>We will pick such queries manually from the server log, within some days &#8211; except if your traffic is being discarded. If this doesn&#8217;t work, then rely on <b>snail-mail<\/b>.<\/div><\/div>\n<div class=\"su-spoiler su-spoiler-style-fancy su-spoiler-icon-plus su-spoiler-closed\" data-scroll-offset=\"0\" data-anchor-in-url=\"no\"><div class=\"su-spoiler-title\" tabindex=\"0\" role=\"button\"><span class=\"su-spoiler-icon\"><\/span>Data protection statement<\/div><div class=\"su-spoiler-content su-u-clearfix su-u-trim\">This site is comparable to a print product. Here, we do not provide any higher interaction like forms, shops or an API. We don&#8217;t set any cookies at all.<br \/>Although, by visiting this site, you will leave traces in our server log, which we will analyse to further enhance our cyber defence. Analysis includes copyright, trademarks, patent infringements, unfair practices and tracing back to the source. Beyond redirecting or fully blocking your traffic (discard), we evaluate contacting NCSC and launching prosecutions.<\/div><\/div>\n<\/div>\n","protected":false},"excerpt":{"rendered":"<p>\u00d6ffnungszeiten und Standort MODIMIDOFRSA 09:00 &#8211; 19:0009:00 &#8211; 19:0009:00 &#8211; 19:0009:00 &#8211; 19:0009:00 &#8211; 19:0009:00 &#8211; 14:00 Monbijoustrasse 39, 3011 Bern \u2197 Google Maps &nbsp; \u2197 Tram 9, Bus 10Kurz anhalten? vor dem Schaufenster. Available in English ONLY<\/p>\n","protected":false},"author":2,"featured_media":0,"parent":0,"menu_order":0,"comment_status":"closed","ping_status":"closed","template":"","meta":{"footnotes":""},"_links":{"self":[{"href":"https:\/\/dmz.dara-hair.ch\/index.php?rest_route=\/wp\/v2\/pages\/42"}],"collection":[{"href":"https:\/\/dmz.dara-hair.ch\/index.php?rest_route=\/wp\/v2\/pages"}],"about":[{"href":"https:\/\/dmz.dara-hair.ch\/index.php?rest_route=\/wp\/v2\/types\/page"}],"author":[{"embeddable":true,"href":"https:\/\/dmz.dara-hair.ch\/index.php?rest_route=\/wp\/v2\/users\/2"}],"replies":[{"embeddable":true,"href":"https:\/\/dmz.dara-hair.ch\/index.php?rest_route=%2Fwp%2Fv2%2Fcomments&post=42"}],"version-history":[{"count":5,"href":"https:\/\/dmz.dara-hair.ch\/index.php?rest_route=\/wp\/v2\/pages\/42\/revisions"}],"predecessor-version":[{"id":781,"href":"https:\/\/dmz.dara-hair.ch\/index.php?rest_route=\/wp\/v2\/pages\/42\/revisions\/781"}],"wp:attachment":[{"href":"https:\/\/dmz.dara-hair.ch\/index.php?rest_route=%2Fwp%2Fv2%2Fmedia&parent=42"}],"curies":[{"name":"wp","href":"https:\/\/api.w.org\/{rel}","templated":true}]}}